{"id":2,"date":"2022-12-18T22:15:03","date_gmt":"2022-12-18T21:15:03","guid":{"rendered":"http:\/\/numizmatyka-z-historia.tk\/?page_id=2"},"modified":"2023-02-28T17:15:49","modified_gmt":"2023-02-28T16:15:49","slug":"przykladowa-strona","status":"publish","type":"page","link":"https:\/\/numizmatyka-z-historia.pl\/?page_id=2","title":{"rendered":"O autorze"},"content":{"rendered":"\n<p>Autor tekst\u00f3w i zdj\u0119\u0107: Jerzy Butowski                                                                                                                                                           nale\u017cy do Polskiego Towarzystwa Numizmatycznego Oddzia\u0142 Bydgoszcz                                                                                                                                                                                                                 <\/p>\n\n\n\n<p>wsp\u00f3\u0142praca: Magdalena Butowska<\/p>\n","protected":false},"excerpt":{"rendered":"<p>Autor tekst\u00f3w i zdj\u0119\u0107: Jerzy Butowski nale\u017cy do Polskiego Towarzystwa Numizmatycznego Oddzia\u0142 Bydgoszcz wsp\u00f3\u0142praca: Magdalena Butowska<\/p>\n","protected":false},"author":1,"featured_media":0,"parent":0,"menu_order":0,"comment_status":"closed","ping_status":"open","template":"","meta":{"footnotes":""},"class_list":["post-2","page","type-page","status-publish","hentry"],"_links":{"self":[{"href":"https:\/\/numizmatyka-z-historia.pl\/index.php?rest_route=\/wp\/v2\/pages\/2","targetHints":{"allow":["GET"]}}],"collection":[{"href":"https:\/\/numizmatyka-z-historia.pl\/index.php?rest_route=\/wp\/v2\/pages"}],"about":[{"href":"https:\/\/numizmatyka-z-historia.pl\/index.php?rest_route=\/wp\/v2\/types\/page"}],"author":[{"embeddable":true,"href":"https:\/\/numizmatyka-z-historia.pl\/index.php?rest_route=\/wp\/v2\/users\/1"}],"replies":[{"embeddable":true,"href":"https:\/\/numizmatyka-z-historia.pl\/index.php?rest_route=%2Fwp%2Fv2%2Fcomments&post=2"}],"version-history":[{"count":4,"href":"https:\/\/numizmatyka-z-historia.pl\/index.php?rest_route=\/wp\/v2\/pages\/2\/revisions"}],"predecessor-version":[{"id":310,"href":"https:\/\/numizmatyka-z-historia.pl\/index.php?rest_route=\/wp\/v2\/pages\/2\/revisions\/310"}],"wp:attachment":[{"href":"https:\/\/numizmatyka-z-historia.pl\/index.php?rest_route=%2Fwp%2Fv2%2Fmedia&parent=2"}],"curies":[{"name":"wp","href":"https:\/\/api.w.org\/{rel}","templated":true}]}}